{"id":55,"date":"2021-02-14T15:35:42","date_gmt":"2021-02-14T14:35:42","guid":{"rendered":"http:\/\/doctorenglish.fr\/?page_id=55"},"modified":"2021-05-25T15:34:01","modified_gmt":"2021-05-25T13:34:01","slug":"notre-approche","status":"publish","type":"page","link":"https:\/\/doctorenglish.fr\/index.php\/notre-approche\/","title":{"rendered":"NOTRE APPROCHE"},"content":{"rendered":"\n<div class=\"wp-block-columns is-layout-flex wp-container-core-columns-layout-1 wp-block-columns-is-layout-flex\">\n<div class=\"wp-block-column is-layout-flow wp-block-column-is-layout-flow\">\n<figure class=\"wp-block-image size-large\"><img loading=\"lazy\" decoding=\"async\" width=\"1024\" height=\"683\" class=\"wp-image-986\" src=\"http:\/\/doctorenglish.fr\/wp-content\/uploads\/2021\/03\/Tounesol_1024-1.jpg\" alt=\"\" srcset=\"https:\/\/doctorenglish.fr\/wp-content\/uploads\/2021\/03\/Tounesol_1024-1.jpg 1024w, https:\/\/doctorenglish.fr\/wp-content\/uploads\/2021\/03\/Tounesol_1024-1-200x133.jpg 200w, https:\/\/doctorenglish.fr\/wp-content\/uploads\/2021\/03\/Tounesol_1024-1-300x200.jpg 300w, https:\/\/doctorenglish.fr\/wp-content\/uploads\/2021\/03\/Tounesol_1024-1-768x512.jpg 768w, https:\/\/doctorenglish.fr\/wp-content\/uploads\/2021\/03\/Tounesol_1024-1-930x620.jpg 930w, https:\/\/doctorenglish.fr\/wp-content\/uploads\/2021\/03\/Tounesol_1024-1-600x400.jpg 600w\" sizes=\"(max-width: 1024px) 100vw, 1024px\" \/>\n<p>\u00a0<\/p>\n<p style=\"font-size: 25px;\">DU SUR MESURE POUR CHACUN<\/p>\n<p class=\"has-text-align-justify has-text-align-left\" style=\"font-size: 17px;\">Il n&#8217;y a pas deux \u00e9l\u00e8ves identiques, c&#8217;est pourquoi nous croyons qu&#8217;une approche personnalis\u00e9e \u00e0 chacun est primordiale. La premi\u00e8re heure de votre formation vous sera offerte et sera d\u00e9di\u00e9e \u00e0 l&#8217;identification de vos besoins, votre niveau d&#8217;anglais actuel, vos forces et faiblesses, et finalement le niveau vis\u00e9 \u00e0 court et long terme. Ensemble nous mettrons en place une formation sp\u00e9cifique \u00e0 votre r\u00e9alit\u00e9 afin que vous puissiez atteindre vos objectifs. De plus, nous vous donnerons les outils n\u00e9cessaires afin de continuer de progresser une fois votre formation termin\u00e9e.<\/p>\n<\/figure>\n<\/div>\n\n\n\n<div class=\"wp-block-column is-layout-flow wp-block-column-is-layout-flow\">\n<figure class=\"wp-block-image size-large\"><img loading=\"lazy\" decoding=\"async\" width=\"1024\" height=\"683\" class=\"wp-image-987\" src=\"http:\/\/doctorenglish.fr\/wp-content\/uploads\/2021\/03\/Dophins_1024-1.jpg\" alt=\"\" srcset=\"https:\/\/doctorenglish.fr\/wp-content\/uploads\/2021\/03\/Dophins_1024-1.jpg 1024w, https:\/\/doctorenglish.fr\/wp-content\/uploads\/2021\/03\/Dophins_1024-1-200x133.jpg 200w, https:\/\/doctorenglish.fr\/wp-content\/uploads\/2021\/03\/Dophins_1024-1-300x200.jpg 300w, https:\/\/doctorenglish.fr\/wp-content\/uploads\/2021\/03\/Dophins_1024-1-768x512.jpg 768w, https:\/\/doctorenglish.fr\/wp-content\/uploads\/2021\/03\/Dophins_1024-1-930x620.jpg 930w, https:\/\/doctorenglish.fr\/wp-content\/uploads\/2021\/03\/Dophins_1024-1-600x400.jpg 600w\" sizes=\"(max-width: 1024px) 100vw, 1024px\" \/>\n<p>\u00a0<\/p>\n<p style=\"font-size: 25px;\">UN APPRENTISSAGE BAS\u00c9 SUR LE DIALOGUE<\/p>\n<p class=\"has-text-align-justify eplus-btyWSQ\" style=\"font-size: 17px;\">Chez Dr. English, nous avons la conviction que la meilleure fa\u00e7on d&#8217;apprendre une autre langue, c&#8217;est de la parler ! C&#8217;est pourquoi la grande majorit\u00e9 de nos formations sont ax\u00e9es sur le dialogue en face-\u00e0 face, ou par visio-conf\u00e9rence. La grammaire, le vocabulaire et la prononciation font partie int\u00e9grante de la formation, mais ceux-ci sont int\u00e9gr\u00e9s activement dans le dialogue.<\/p>\n<\/figure>\n<\/div>\n\n\n\n<div class=\"wp-block-column is-layout-flow wp-block-column-is-layout-flow\">\n<figure class=\"wp-block-image size-large\"><img loading=\"lazy\" decoding=\"async\" width=\"1024\" height=\"683\" class=\"wp-image-988\" src=\"http:\/\/doctorenglish.fr\/wp-content\/uploads\/2021\/03\/FEUX-DARTIFICE_1024-1.jpg\" alt=\"\" srcset=\"https:\/\/doctorenglish.fr\/wp-content\/uploads\/2021\/03\/FEUX-DARTIFICE_1024-1.jpg 1024w, https:\/\/doctorenglish.fr\/wp-content\/uploads\/2021\/03\/FEUX-DARTIFICE_1024-1-200x133.jpg 200w, https:\/\/doctorenglish.fr\/wp-content\/uploads\/2021\/03\/FEUX-DARTIFICE_1024-1-300x200.jpg 300w, https:\/\/doctorenglish.fr\/wp-content\/uploads\/2021\/03\/FEUX-DARTIFICE_1024-1-768x512.jpg 768w, https:\/\/doctorenglish.fr\/wp-content\/uploads\/2021\/03\/FEUX-DARTIFICE_1024-1-930x620.jpg 930w, https:\/\/doctorenglish.fr\/wp-content\/uploads\/2021\/03\/FEUX-DARTIFICE_1024-1-600x400.jpg 600w\" sizes=\"(max-width: 1024px) 100vw, 1024px\" \/>\n<p>\u00a0<\/p>\n<p style=\"font-size: 25px;\">UN \u00c9CHANGE CONVIVIAL<\/p>\n<p class=\"has-text-align-justify eplus-btyWSQ\" style=\"font-size: 17px;\">C&#8217;est peut-\u00eatre un peu clich\u00e9, mais on apprend souvent beaucoup mieux quand on a du plaisir. C&#8217;est pourquoi notre mission est que vous r\u00e9alisiez vos objectifs tout en vous amusant. Pour ce faire, vos cours seront interactifs et inspir\u00e9s de sujets qui vous int\u00e9ressent.<\/p>\n<\/figure>\n<\/div>\n<\/div>\n\n\n\n<div class=\"wp-block-columns is-layout-flex wp-container-core-columns-layout-2 wp-block-columns-is-layout-flex\">\n<div class=\"wp-block-column is-layout-flow wp-block-column-is-layout-flow\"><\/div>\n\n\n\n<div class=\"wp-block-column is-layout-flow wp-block-column-is-layout-flow\"><\/div>\n\n\n\n<div class=\"wp-block-column is-layout-flow wp-block-column-is-layout-flow\"><\/div>\n<\/div>\n\n\n\n<p><\/p>\n","protected":false},"excerpt":{"rendered":"<p>\u00a0 DU SUR MESURE POUR CHACUN Il n&#8217;y a pas deux \u00e9l\u00e8ves identiques, c&#8217;est pourquoi nous croyons qu&#8217;une approche personnalis\u00e9e \u00e0 chacun est primordiale. La premi\u00e8re heure de votre formation vous sera offerte et sera d\u00e9di\u00e9e \u00e0 l&#8217;identification de vos besoins, votre niveau d&#8217;anglais actuel, vos forces et faiblesses, et finalement le niveau vis\u00e9 \u00e0&hellip;&nbsp;<a href=\"https:\/\/doctorenglish.fr\/index.php\/notre-approche\/\" class=\"\" rel=\"bookmark\">Lire la suite &raquo;<span class=\"screen-reader-text\">NOTRE APPROCHE<\/span><\/a><\/p>\n","protected":false},"author":1,"featured_media":0,"parent":0,"menu_order":0,"comment_status":"closed","ping_status":"closed","template":"","meta":{"neve_meta_sidebar":"default","neve_meta_container":"default","neve_meta_enable_content_width":"off","neve_meta_content_width":70,"neve_meta_title_alignment":"left","neve_meta_author_avatar":"","neve_post_elements_order":"","neve_meta_disable_header":"off","neve_meta_disable_footer":"","neve_meta_disable_title":"","footnotes":""},"_links":{"self":[{"href":"https:\/\/doctorenglish.fr\/index.php\/wp-json\/wp\/v2\/pages\/55"}],"collection":[{"href":"https:\/\/doctorenglish.fr\/index.php\/wp-json\/wp\/v2\/pages"}],"about":[{"href":"https:\/\/doctorenglish.fr\/index.php\/wp-json\/wp\/v2\/types\/page"}],"author":[{"embeddable":true,"href":"https:\/\/doctorenglish.fr\/index.php\/wp-json\/wp\/v2\/users\/1"}],"replies":[{"embeddable":true,"href":"https:\/\/doctorenglish.fr\/index.php\/wp-json\/wp\/v2\/comments?post=55"}],"version-history":[{"count":116,"href":"https:\/\/doctorenglish.fr\/index.php\/wp-json\/wp\/v2\/pages\/55\/revisions"}],"predecessor-version":[{"id":2204,"href":"https:\/\/doctorenglish.fr\/index.php\/wp-json\/wp\/v2\/pages\/55\/revisions\/2204"}],"wp:attachment":[{"href":"https:\/\/doctorenglish.fr\/index.php\/wp-json\/wp\/v2\/media?parent=55"}],"curies":[{"name":"wp","href":"https:\/\/api.w.org\/{rel}","templated":true}]}}