{"id":1412,"date":"2021-03-28T16:00:40","date_gmt":"2021-03-28T14:00:40","guid":{"rendered":"http:\/\/doctorenglish.fr\/?page_id=1412"},"modified":"2021-04-19T20:56:19","modified_gmt":"2021-04-19T18:56:19","slug":"1-heure","status":"publish","type":"page","link":"https:\/\/doctorenglish.fr\/index.php\/1-heure\/","title":{"rendered":"1 Heure"},"content":{"rendered":"<p><span style=\"color: #000000;\">.<\/span><\/p>\n\n\n<div class=\"wp-block-columns is-layout-flex wp-container-core-columns-layout-1 wp-block-columns-is-layout-flex\">\n<div class=\"wp-block-column is-layout-flow wp-block-column-is-layout-flow\" style=\"flex-basis:33.33%\">\n<div class=\"wp-block-image\"><figure class=\"alignleft size-large\"><a href=\"http:\/\/doctorenglish.fr\/index.php\/product\/planning-formation\/\"><img loading=\"lazy\" decoding=\"async\" width=\"150\" height=\"150\" src=\"http:\/\/doctorenglish.fr\/wp-content\/uploads\/2021\/03\/1-150x150-1.png\" alt=\"\" class=\"wp-image-1491\" srcset=\"https:\/\/doctorenglish.fr\/wp-content\/uploads\/2021\/03\/1-150x150-1.png 150w, https:\/\/doctorenglish.fr\/wp-content\/uploads\/2021\/03\/1-150x150-1-100x100.png 100w\" sizes=\"(max-width: 150px) 100vw, 150px\" \/><\/a><\/figure><\/div>\n<\/div>\n\n\n\n<div class=\"wp-block-column is-layout-flow wp-block-column-is-layout-flow\" style=\"flex-basis:66.66%\">\n<h3><strong>Nombre d&#8217;heures flexible<\/strong><br \/>40<span class=\"woocommerce-Price-amount amount\"><span class=\"woocommerce-Price-currencySymbol\">\u20ac\/heure<br \/><a href=\"http:\/\/doctorenglish.fr\/index.php\/product\/planning-formation\/\"><img loading=\"lazy\" decoding=\"async\" class=\"alignnone wp-image-1455 size-full\" src=\"http:\/\/doctorenglish.fr\/wp-content\/uploads\/2021\/03\/Reservez.png\" alt=\"\" width=\"182\" height=\"59\" \/><\/a><br \/><\/span><\/span><\/h3>\n<\/div>\n<\/div>\n\n\n\n<div class=\"wp-block-columns is-layout-flex wp-container-core-columns-layout-2 wp-block-columns-is-layout-flex\">\n<div class=\"wp-block-column is-layout-flow wp-block-column-is-layout-flow\">\n<p><strong><span style=\"text-decoration: underline;\">Description<\/span><\/strong><\/p>\n<ul>\n<li>Vous \u00eates d\u00e9j\u00e0 client chez nous et vous d\u00e9sirez quelques heures de plus?<\/li>\n<li>Vous voulez pr\u00e9parer un voyage \u00e0 l\u2019\u00e9tranger pour le boulot, pour des vacances?<\/li>\n<li>Vous avez un Power Point \u00e0 pr\u00e9senter?<\/li>\n<li>Avec ce forfait, \u00a0choisissez simplement le nombre d\u2019heures dont vous avez besoin.<\/li>\n<li>40<span class=\"woocommerce-Price-amount amount\"><span class=\"woocommerce-Price-currencySymbol\">\u20ac\u00a0<\/span><\/span>\/ heure, taux horaire fixe.<\/li>\n<\/ul>\n<\/div>\n<\/div>\n\n\n\n<p><\/p>\n","protected":false},"excerpt":{"rendered":"<p>. Nombre d&#8217;heures flexible40\u20ac\/heure Description Vous \u00eates d\u00e9j\u00e0 client chez nous et vous d\u00e9sirez quelques heures de plus? Vous voulez pr\u00e9parer un voyage \u00e0 l\u2019\u00e9tranger pour le boulot, pour des vacances? Vous avez un Power Point \u00e0 pr\u00e9senter? Avec ce forfait, \u00a0choisissez simplement le nombre d\u2019heures dont vous avez besoin. 40\u20ac\u00a0\/ heure, taux horaire fixe.<\/p>\n","protected":false},"author":1,"featured_media":0,"parent":0,"menu_order":0,"comment_status":"closed","ping_status":"closed","template":"","meta":{"neve_meta_sidebar":"default","neve_meta_container":"","neve_meta_enable_content_width":"off","neve_meta_content_width":82,"neve_meta_title_alignment":"","neve_meta_author_avatar":"","neve_post_elements_order":"","neve_meta_disable_header":"","neve_meta_disable_footer":"","neve_meta_disable_title":"","footnotes":""},"_links":{"self":[{"href":"https:\/\/doctorenglish.fr\/index.php\/wp-json\/wp\/v2\/pages\/1412"}],"collection":[{"href":"https:\/\/doctorenglish.fr\/index.php\/wp-json\/wp\/v2\/pages"}],"about":[{"href":"https:\/\/doctorenglish.fr\/index.php\/wp-json\/wp\/v2\/types\/page"}],"author":[{"embeddable":true,"href":"https:\/\/doctorenglish.fr\/index.php\/wp-json\/wp\/v2\/users\/1"}],"replies":[{"embeddable":true,"href":"https:\/\/doctorenglish.fr\/index.php\/wp-json\/wp\/v2\/comments?post=1412"}],"version-history":[{"count":31,"href":"https:\/\/doctorenglish.fr\/index.php\/wp-json\/wp\/v2\/pages\/1412\/revisions"}],"predecessor-version":[{"id":1624,"href":"https:\/\/doctorenglish.fr\/index.php\/wp-json\/wp\/v2\/pages\/1412\/revisions\/1624"}],"wp:attachment":[{"href":"https:\/\/doctorenglish.fr\/index.php\/wp-json\/wp\/v2\/media?parent=1412"}],"curies":[{"name":"wp","href":"https:\/\/api.w.org\/{rel}","templated":true}]}}